{"id":776,"date":"2025-06-23T18:37:55","date_gmt":"2025-06-23T18:37:55","guid":{"rendered":"https:\/\/mertola.buzzvel.work\/investigacao-e-noticias\/"},"modified":"2026-02-23T14:22:10","modified_gmt":"2026-02-23T14:22:10","slug":"research-and-news","status":"publish","type":"page","link":"https:\/\/mertola.buzzvel.work\/en\/research-and-news\/","title":{"rendered":"Research and News"},"content":{"rendered":"<div id=\"\"\n    class=\"container-custom-background bg-gray-middle-divisor \">\n    \n            <div class=\"bg-image-divisor--middle\"><\/div>\n    \n    <div class=\"container-custom-background-content\">\n        <div class=\"acf-innerblocks-container\">\n\n<section id=\"\" class=\"title-subtitle-description-block\">\n        \n        <div class=\"title-subtitle-description-block__title\">\n            <h1>Research and<br \/>\n<span style=\"color: #c46a31\">News<\/span><\/h1>\n        <\/div>\n                <p class=\"title-subtitle-description-block__description\">A knowledge hub for M\u00e9rtola, featuring articles, reports, and scientific content that reveal the agricultural, natural, and archaeological world of the region.<\/p>\n    <\/section>\n\n\n\n<div style=\"height:70px\" aria-hidden=\"true\" class=\"wp-block-spacer\"><\/div>\n\n\n\n  <article class=\"highlighted-news-block\">\n    <a class=\"highlighted-news-link\" href=\"https:\/\/mertola.buzzvel.work\/en\/research-and-news\/hello-world\/\"\n      aria-label=\"Saiba mais sobre \u00c0 descoberta dos castros do Barroso para \u2018ativar\u2019 o patrim\u00f3nio hist\u00f3rico\">\n      <div class=\"highlighted-news-inner\">\n                <div class=\"highlighted-news-image-container\">\n          <img loading=\"lazy\" decoding=\"async\" width=\"2560\" height=\"1440\" src=\"https:\/\/mertola.buzzvel.work\/wp-content\/uploads\/2025\/06\/Foto-21-2-scaled.png\" class=\"highlighted-news-image\" alt=\"\" srcset=\"https:\/\/mertola.buzzvel.work\/wp-content\/uploads\/2025\/06\/Foto-21-2-scaled.png 2560w, https:\/\/mertola.buzzvel.work\/wp-content\/uploads\/2025\/06\/Foto-21-2-300x169.png 300w, https:\/\/mertola.buzzvel.work\/wp-content\/uploads\/2025\/06\/Foto-21-2-1024x576.png 1024w, https:\/\/mertola.buzzvel.work\/wp-content\/uploads\/2025\/06\/Foto-21-2-768x432.png 768w, https:\/\/mertola.buzzvel.work\/wp-content\/uploads\/2025\/06\/Foto-21-2-1536x864.png 1536w\" sizes=\"auto, (max-width: 2560px) 100vw, 2560px\" \/>          <div class=\"highlighted-news-overlay\"><\/div>\n        <\/div>\n        <div class=\"highlighted-news-content-inner\">\n          <div class=\"highlighted-news-content\">\n            <header class=\"highlighted-news-header\">\n              <div class=\"highlighted-news-meta\">\n                <span class=\"highlighted-news-reading-time\">0 min<\/span>\n                <span class=\"highlighted-news-divider\" aria-hidden=\"true\">\u2022<\/span>\n                <time class=\"highlighted-news-date\" datetime=\"2025-06-19T22:39:56+00:00\">\n                  19\/06\/2025                <\/time>\n              <\/div>\n              <h2 class=\"highlighted-news-title\">\u00c0 descoberta dos castros do Barroso para \u2018ativar\u2019 o patrim\u00f3nio hist\u00f3rico<\/h2>\n            <\/header>\n            <p class=\"highlighted-news-excerpt\">\u00c0 descoberta dos castros do Barroso para \u2018ativar\u2019 o patrim\u00f3nio hist\u00f3rico.<\/p>\n          <\/div>\n          <div class=\"highlighted-news-button btn-primary\">\n            <span class=\"highlighted-news-button-text\">\n              Saiba mais            <\/span>\n            <svg width=\"24\" height=\"24\" viewBox=\"0 0 24 24\" fill=\"none\" xmlns=\"http:\/\/www.w3.org\/2000\/svg\">\n              <path\n                d=\"M12 4.92505C12.1643 4.92505 12.2663 4.97355 12.3467 5.05396L18.9463 11.6536L18.9629 11.6692L18.9795 11.6838C18.9937 11.6957 19.0059 11.7085 19.0156 11.7229L19.0391 11.7717C19.0629 11.845 19.0752 11.9207 19.0752 12.0002C19.0752 12.0797 19.0633 12.147 19.043 12.2053C19.0292 12.2436 19.0016 12.2916 18.9463 12.3469L12.3467 18.9465C12.2663 19.0269 12.1643 19.0754 12 19.0754C11.8357 19.0754 11.7337 19.0269 11.6533 18.9465C11.5899 18.8831 11.5452 18.8062 11.5244 18.7004L11.5117 18.5852C11.5074 18.4255 11.5526 18.3295 11.6289 18.2532L17.3818 12.5002H5C4.84291 12.5002 4.73438 12.4524 4.64062 12.3586C4.5479 12.2659 4.50004 12.1578 4.5 12.0002C4.5 11.8425 4.54827 11.7336 4.6416 11.6399L4.64062 11.6389C4.73395 11.5466 4.84314 11.5002 5 11.5002H17.3818L16.5283 10.6467L11.6289 5.74634C11.5526 5.67004 11.5074 5.57472 11.5117 5.41528C11.5169 5.24649 11.569 5.13845 11.6533 5.05396C11.7337 4.97355 11.8357 4.92505 12 4.92505Z\"\n                fill=\"#0A0A0A\" stroke=\"white\" \/>\n            <\/svg>\n\n          <\/div>\n        <\/div>\n      <\/div>\n    <\/a>\n  <\/article>\n\n<\/div>\n    <\/div>\n<\/div>\n\n\n\n<section id=\"\" class=\"title-subtitle-description-block\">\n            <span class=\"title-subtitle-description-block__subtitle\">Mais Sobre M\u00e9rtola<\/span>\n        \n        <div class=\"title-subtitle-description-block__title\">\n            <h2>Bibliography on M\u00e9rtola<\/h2>\n        <\/div>\n        <\/section>\n\n\n\n<section class=\"listing-posts-block\" data-posts-per-page=\"6\"\n  data-language=\"en\" aria-labelledby=\"posts-section-title\">\n  <header class=\"listing-posts-header\">\n    <svg class=\"listing-posts-search-icon\" width=\"24\" height=\"24\" viewBox=\"0 0 24 24\" fill=\"none\"\n      xmlns=\"http:\/\/www.w3.org\/2000\/svg\">\n      <path\n        d=\"M18.9 20.3L13.3 14.7C12.8 15.1 12.225 15.4167 11.575 15.65C10.925 15.8833 10.2333 16 9.5 16C7.68333 16 6.146 15.371 4.888 14.113C3.62933 12.8543 3 11.3167 3 9.5C3 7.68333 3.62933 6.14567 4.888 4.887C6.146 3.629 7.68333 3 9.5 3C11.3167 3 12.8543 3.629 14.113 4.887C15.371 6.14567 16 7.68333 16 9.5C16 10.2333 15.8833 10.925 15.65 11.575C15.4167 12.225 15.1 12.8 14.7 13.3L20.325 18.925C20.5083 19.1083 20.6 19.3333 20.6 19.6C20.6 19.8667 20.5 20.1 20.3 20.3C20.1167 20.4833 19.8833 20.575 19.6 20.575C19.3167 20.575 19.0833 20.4833 18.9 20.3ZM9.5 14C10.75 14 11.8127 13.5627 12.688 12.688C13.5627 11.8127 14 10.75 14 9.5C14 8.25 13.5627 7.18733 12.688 6.312C11.8127 5.43733 10.75 5 9.5 5C8.25 5 7.18733 5.43733 6.312 6.312C5.43733 7.18733 5 8.25 5 9.5C5 10.75 5.43733 11.8127 6.312 12.688C7.18733 13.5627 8.25 14 9.5 14Z\"\n        fill=\"#0A0A0A\" \/>\n    <\/svg>\n    <input type=\"search\" id=\"post-search\" class=\"listing-posts-search\"\n      placeholder=\"Search...\" aria-label=\"Campo de busca para posts\" \/>\n  <\/header>\n\n  <div class=\"listing-posts-list\" aria-live=\"polite\" aria-label=\"Resultados dos posts\"><\/div>\n\n  <div class=\"listing-posts-loading\" role=\"status\" aria-label=\"Carregando posts\">\n    <div class=\"loader\" aria-hidden=\"true\"><\/div>\n    <span class=\"sr-only\">Carregando posts&#8230;<\/span>\n  <\/div>\n\n  <nav class=\"listing-posts-pagination\" role=\"navigation\" aria-label=\"Navega\u00e7\u00e3o de p\u00e1ginas\"><\/nav>\n<\/section>\n<script async>\n  window.mertolaMessages = {\n  noPostsFoundTitle: \"N\\u00e3o conseguimos achar nenhum conte\\u00fado relacionado.\",\n  noPostsFound: \"Tente pesquisar novamente por nome ou assunto.\",\n  loadingPosts: \"Carregando posts...\",\n  errorLoadingPosts: \"Erro ao carregar posts.\"};\n\ndocument.addEventListener('DOMContentLoaded', function() {\n  document.querySelectorAll('.listing-posts-block').forEach(function(block) {\n    const postsPerPage = parseInt(block.getAttribute('data-posts-per-page')) || 5;\n    const list = block.querySelector('.listing-posts-list');\n    const pagination = block.querySelector('.listing-posts-pagination');\n    const searchInput = block.querySelector('.listing-posts-search');\n    const loading = block.querySelector('.listing-posts-loading');\n    let currentPage = 1;\n    let totalPages = 1;\n    let searchTerm = '';\n    let debounceTimeout = null;\n    const language = block.getAttribute('data-language') || 'pt-pt'; \n\n    function formatDate(dateString) {\n      const [datePart] = dateString.split(' ');\n      const [year, month, day] = datePart.split('-');\n      return `${day}\/${month}\/${year}`;\n    }\n\n    function renderPosts(posts) {\n      list.innerHTML = '';\n      if (!posts.length) {\n        list.innerHTML = `<div class=\"listing-posts-no-posts\" role=\"status\">\n                            <svg width=\"40\" height=\"40\" viewBox=\"0 0 40 40\" fill=\"none\" xmlns=\"http:\/\/www.w3.org\/2000\/svg\">\n                              <mask id=\"mask0_3135_11157\" style=\"mask-type:luminance\" maskUnits=\"userSpaceOnUse\" x=\"0\" y=\"0\" width=\"40\" height=\"41\">\n                              <path d=\"M0 0.000247955H40V40.0002H0V0.000247955Z\" fill=\"white\"\/>\n                              <\/mask>\n                              <g mask=\"url(#mask0_3135_11157)\">\n                              <path d=\"M33.9513 19.6463V38.8271H6.04883V19.6463\" stroke=\"#2C2A29\" stroke-width=\"2.34375\" stroke-miterlimit=\"10\"\/>\n                              <path d=\"M2.79932 19.6462H37.2006C37.2006 14.9837 34.5082 10.7404 30.2897 8.75444L19.9999 3.91038L9.71018 8.75444C5.49166 10.7404 2.79932 14.9837 2.79932 19.6462Z\" stroke=\"#2C2A29\" stroke-width=\"2.34375\" stroke-miterlimit=\"10\"\/>\n                              <path d=\"M20 3.91028V4.44207e-05\" stroke=\"#2C2A29\" stroke-width=\"2.34375\" stroke-miterlimit=\"10\"\/>\n                              <path d=\"M20 19.6462V12.0187\" stroke=\"#2C2A29\" stroke-width=\"2.34375\" stroke-miterlimit=\"10\"\/>\n                              <path d=\"M25.5273 19.6462V13.5979\" stroke=\"#2C2A29\" stroke-width=\"2.34375\" stroke-miterlimit=\"10\"\/>\n                              <path d=\"M31.0537 19.6462V15.1771\" stroke=\"#2C2A29\" stroke-width=\"2.34375\" stroke-miterlimit=\"10\"\/>\n                              <path d=\"M14.4736 19.6462V13.5979\" stroke=\"#2C2A29\" stroke-width=\"2.34375\" stroke-miterlimit=\"10\"\/>\n                              <path d=\"M8.94629 19.6462V15.1771\" stroke=\"#2C2A29\" stroke-width=\"2.34375\" stroke-miterlimit=\"10\"\/>\n                              <path d=\"M21.3296 4.53638L23.3821 0.81833\" stroke=\"#2C2A29\" stroke-width=\"2.34375\" stroke-miterlimit=\"10\"\/>\n                              <path d=\"M18.6702 4.53638L16.6177 0.81833\" stroke=\"#2C2A29\" stroke-width=\"2.34375\" stroke-miterlimit=\"10\"\/>\n                              <path d=\"M24.7364 38.8271V30.46C24.7364 27.8442 22.6159 25.7236 20 25.7236C17.3842 25.7236 15.2637 27.8442 15.2637 30.46V38.8271\" stroke=\"#2C2A29\" stroke-width=\"2.34375\" stroke-miterlimit=\"10\"\/>\n                              <\/g>\n                              <\/svg>\n\n                            <h2 class=\"listing-posts-no-posts-title\" role=\"status\">${window.mertolaMessages.noPostsFoundTitle}<\/h2>\n\n                            <p class=\"listing-posts-no-posts-text\" role=\"status\">${window.mertolaMessages.noPostsFound}<\/p>\n                          <\/div>`;\n        pagination.innerHTML = '';\n        return;\n      }\n      posts.forEach(post => {\n        const image = post.thumbnail ? `<figure class=\\\"listing-posts-figure\\\"><img class=\\\"listing-posts-image\\\"  src=\\\"${post.thumbnail}\\\" alt=\\\"Imagem do post: ${post.title.replace(\/\\\"\/g, '&quot;')}\\\" width=\\\"360\\\" height=\\\"200\\\" loading=\\\"lazy\\\" \/><\/figure>` : '';\n        list.innerHTML += `\n          <article class=\\\"listing-posts-item\\\">\n            <a href=\\\"${post.link}\\\" class=\\\"listing-posts-link\\\" aria-label=\\\"Leia o post: ${post.title.replace(\/\\\"\/g, '&quot;')}\\\">\n              ${image}\n              <div class=\\\"listing-posts-content\\\">\n                <header class=\\\"listing-posts-header\\\">\n                <span class=\\\"listing-posts-reading-time\\\">${post.reading_time}<\/span>\n                <span class=\\\"listing-posts-divider\\\" aria-hidden=\\\"true\\\">\u2022<\/span>\n                <time class=\\\"listing-posts-date\\\" datetime=\\\"${post.post_date}\\\">${formatDate(post.post_date)}<\/time>\n                <\/header>\n                <h3 class=\\\"listing-posts-title\\\">${post.title}<\/h3>\n                <p class=\\\"listing-posts-excerpt\\\">${post.excerpt || ''}<\/p>\n              <\/div>\n            <\/a>\n          <\/article>\n        `;\n      });\n    }\n\n    function renderPagination() {\n      pagination.innerHTML = '';\n      if (totalPages <= 1) return;\n      \n      const paginationList = document.createElement('ul');\n      paginationList.className = 'flex gap-2 justify-center items-center';\n      paginationList.setAttribute('role', 'list');\n      paginationList.setAttribute('aria-label', 'P\u00e1ginas de navega\u00e7\u00e3o');\n      \n      \/\/ Left arrow\n      const leftArrowItem = document.createElement('li');\n      const leftArrowBtn = document.createElement('button');\n      leftArrowBtn.className = 'listing-posts-pagination-arrow';\n      leftArrowBtn.setAttribute('aria-label', 'P\u00e1gina anterior');\n      leftArrowBtn.disabled = currentPage === 1;\n      \n      \/\/ Insert left arrow SVG directly\n      leftArrowBtn.innerHTML = `\n        <svg width=\"8\" height=\"12\" viewBox=\"0 0 8 12\" fill=\"none\" xmlns=\"http:\/\/www.w3.org\/2000\/svg\">\n          <path d=\"M5.7998 11.3L1.1998 6.70005C1.0998 6.60005 1.02914 6.49172 0.987804 6.37505C0.945804 6.25838 0.924805 6.13338 0.924805 6.00005C0.924805 5.86672 0.945804 5.74172 0.987804 5.62505C1.02914 5.50838 1.0998 5.40005 1.1998 5.30005L5.7998 0.700048C5.98314 0.516715 6.21647 0.425049 6.4998 0.425049C6.78314 0.425049 7.01647 0.516715 7.1998 0.700048C7.38314 0.883382 7.4748 1.11672 7.4748 1.40005C7.4748 1.68338 7.38314 1.91672 7.1998 2.10005L3.2998 6.00005L7.1998 9.90005C7.38314 10.0834 7.4748 10.3167 7.4748 10.6C7.4748 10.8834 7.38314 11.1167 7.1998 11.3C7.01647 11.4834 6.78314 11.575 6.4998 11.575C6.21647 11.575 5.98314 11.4834 5.7998 11.3Z\" fill=\"currentColor\" \/>\n        <\/svg>\n      `;\n      \n      leftArrowBtn.addEventListener('click', function() {\n        if (currentPage > 1) {\n          currentPage--;\n          fetchPosts();\n          window.scrollTo({ top: block.offsetTop, behavior: 'smooth' });\n        }\n      });\n      leftArrowItem.appendChild(leftArrowBtn);\n      paginationList.appendChild(leftArrowItem);\n      \n      \/\/ Page numbers with smart pagination\n      const getPageNumbers = () => {\n        const pages = [];\n        \n        if (totalPages <= 5) {\n          \/\/ Show all pages if 5 or fewer\n          for (let i = 1; i <= totalPages; i++) {\n            pages.push(i);\n          }\n        } else {\n          \/\/ Smart pagination: 1 2 3 ... 8 or 1 ... 6 7 8\n          if (currentPage <= 3) {\n            pages.push(1, 2, 3, '...', totalPages);\n          } else if (currentPage >= totalPages - 2) {\n            pages.push(1, '...', totalPages - 2, totalPages - 1, totalPages);\n          } else {\n            pages.push(1, '...', currentPage - 1, currentPage, currentPage + 1, '...', totalPages);\n          }\n        }\n        \n        return pages;\n      };\n      \n      const pageNumbers = getPageNumbers();\n      \n      pageNumbers.forEach(page => {\n        const listItem = document.createElement('li');\n        \n        if (page === '...') {\n          const ellipsis = document.createElement('span');\n          ellipsis.className = 'listing-posts-pagination-ellipsis';\n          ellipsis.textContent = '...';\n          ellipsis.setAttribute('aria-hidden', 'true');\n          listItem.appendChild(ellipsis);\n        } else {\n          const btn = document.createElement('button');\n          btn.className = 'listing-posts-pagination-btn' + (page === currentPage ? ' active' : '');\n          btn.textContent = page;\n          btn.setAttribute('aria-label', `Ir para p\u00e1gina ${page}`);\n          btn.setAttribute('aria-current', page === currentPage ? 'page' : 'false');\n          btn.addEventListener('click', function() {\n            currentPage = page;\n            fetchPosts();\n            window.scrollTo({ top: block.offsetTop, behavior: 'smooth' });\n          });\n          listItem.appendChild(btn);\n        }\n        \n        paginationList.appendChild(listItem);\n      });\n      \n      \/\/ Right arrow\n      const rightArrowItem = document.createElement('li');\n      const rightArrowBtn = document.createElement('button');\n      rightArrowBtn.className = 'listing-posts-pagination-arrow';\n      rightArrowBtn.setAttribute('aria-label', 'Pr\u00f3xima p\u00e1gina');\n      rightArrowBtn.disabled = currentPage === totalPages;\n      \n      \/\/ Insert right arrow SVG directly\n      rightArrowBtn.innerHTML = `\n        <svg width=\"8\" height=\"12\" viewBox=\"0 0 8 12\" fill=\"none\" xmlns=\"http:\/\/www.w3.org\/2000\/svg\">\n          <path d=\"M1.1998 11.3C1.01647 11.1167 0.924805 10.8834 0.924805 10.6C0.924805 10.3167 1.01647 10.0834 1.1998 9.90005L5.0998 6.00005L1.1998 2.10005C1.01647 1.91672 0.924805 1.68338 0.924805 1.40005C0.924805 1.11672 1.01647 0.883382 1.1998 0.700048C1.38314 0.516715 1.61647 0.425049 1.8998 0.425049C2.18314 0.425049 2.41647 0.516715 2.5998 0.700048L7.1998 5.30005C7.2998 5.40005 7.3708 5.50838 7.4128 5.62505C7.45414 5.74172 7.4748 5.86672 7.4748 6.00005C7.4748 6.13338 7.45414 6.25838 7.4128 6.37505C7.3708 6.49172 7.2998 6.60005 7.1998 6.70005L2.5998 11.3C2.41647 11.4834 2.18314 11.575 1.8998 11.575C1.61647 11.575 1.38314 11.4834 1.1998 11.3Z\" fill=\"currentColor\" \/>\n        <\/svg>\n      `;\n      \n      rightArrowBtn.addEventListener('click', function() {\n        if (currentPage < totalPages) {\n          currentPage++;\n          fetchPosts();\n          window.scrollTo({ top: block.offsetTop, behavior: 'smooth' });\n        }\n      });\n      rightArrowItem.appendChild(rightArrowBtn);\n      paginationList.appendChild(rightArrowItem);\n      \n      pagination.appendChild(paginationList);\n    }\n\n    function fetchPosts() {\n      pagination.innerHTML = '';\n      loading.style.display = 'flex';\n      list.innerHTML = '';\n      fetch('\/wp-json\/mertola\/v1\/news', {\n        method: 'POST',\n        headers: { 'Content-Type': 'application\/json' },\n        body: JSON.stringify({ search: searchTerm, page: currentPage, per_page: postsPerPage, lang: language })\n      })\n        .then(res => {\n          if (!res.ok) throw new Error('Failed to fetch posts');\n          return res.json();\n        })\n        .then(data => {\n          const posts = (data && data.data && data.data.posts) ? data.data.posts : [];\n          totalPages = (data && data.data && data.data.pagination && data.data.pagination.total_pages) ? data.data.pagination.total_pages : 1;\n          renderPosts(posts);\n          renderPagination();\n        })\n        .catch(() => {\n          list.innerHTML = `<p class=\"text-center py-8 text-red-500\" role=\"alert\">${window.mertolaMessages.errorLoadingPosts}<\/p>`;\n        })\n        .finally(() => {\n          loading.style.display = 'none';\n        });\n    }\n\n    if (searchInput) {\n      searchInput.addEventListener('input', function() {\n        clearTimeout(debounceTimeout);\n        debounceTimeout = setTimeout(() => {\n          searchTerm = searchInput.value.trim();\n          currentPage = 1;\n          fetchPosts();\n        }, 400);\n      });\n    }\n\n    fetchPosts();\n  });\n});\n<\/script>\n\n\n\n<section id=\"\" class=\"image-side-content image-side-content--right image-side-content--full\">\n\n            <figure class=\"image-side-content__figure\">\n            <img loading=\"lazy\" decoding=\"async\" width=\"2048\" height=\"1536\" src=\"https:\/\/mertola.buzzvel.work\/wp-content\/uploads\/2026\/02\/Mertola-Internal-1-1.jpg\" class=\"image-side-content__figure-image\" alt=\"\" srcset=\"https:\/\/mertola.buzzvel.work\/wp-content\/uploads\/2026\/02\/Mertola-Internal-1-1.jpg 2048w, https:\/\/mertola.buzzvel.work\/wp-content\/uploads\/2026\/02\/Mertola-Internal-1-1-300x225.jpg 300w, https:\/\/mertola.buzzvel.work\/wp-content\/uploads\/2026\/02\/Mertola-Internal-1-1-1024x768.jpg 1024w, https:\/\/mertola.buzzvel.work\/wp-content\/uploads\/2026\/02\/Mertola-Internal-1-1-768x576.jpg 768w, https:\/\/mertola.buzzvel.work\/wp-content\/uploads\/2026\/02\/Mertola-Internal-1-1-1536x1152.jpg 1536w\" sizes=\"auto, (max-width: 2048px) 100vw, 2048px\" \/>\n        <\/figure>\n        <div class=\"image-side-content__wrapper\">\n                    <div class=\"image-side-content__wrapper-text\">\n                <h2>About M\u00e9rtola<\/h2>\n<p>This ancient shipping hub tells the story of trade routes that shaped the landscape and culture of the region, connecting the Mediterranean to the interior of the territory.<\/p>\n            <\/div>\n                            <a class=\"image-side-content__wrapper-button\" href=\"#\" >\n                <span>\n                    Learn more                <\/span>\n                <svg width=\"24\" height=\"24\" viewBox=\"0 0 24 24\" fill=\"none\" xmlns=\"http:\/\/www.w3.org\/2000\/svg\">\n                    <path\n                        d=\"M12 4.92505C12.1643 4.92505 12.2663 4.97355 12.3467 5.05396L18.9463 11.6536L18.9629 11.6692L18.9795 11.6838C18.9937 11.6957 19.0059 11.7085 19.0156 11.7229L19.0391 11.7717C19.0629 11.845 19.0752 11.9207 19.0752 12.0002C19.0752 12.0797 19.0633 12.147 19.043 12.2053C19.0292 12.2436 19.0016 12.2916 18.9463 12.3469L12.3467 18.9465C12.2663 19.0269 12.1643 19.0754 12 19.0754C11.8357 19.0754 11.7337 19.0269 11.6533 18.9465C11.5899 18.8831 11.5452 18.8062 11.5244 18.7004L11.5117 18.5852C11.5074 18.4255 11.5526 18.3295 11.6289 18.2532L17.3818 12.5002H5C4.84291 12.5002 4.73438 12.4524 4.64062 12.3586C4.5479 12.2659 4.50004 12.1578 4.5 12.0002C4.5 11.8425 4.54827 11.7336 4.6416 11.6399L4.64062 11.6389C4.73395 11.5466 4.84314 11.5002 5 11.5002H17.3818L16.5283 10.6467L11.6289 5.74634C11.5526 5.67004 11.5074 5.57472 11.5117 5.41528C11.5169 5.24649 11.569 5.13845 11.6533 5.05396C11.7337 4.97355 11.8357 4.92505 12 4.92505Z\"\n                        fill=\"#0A0A0A\" stroke=\"white\" \/>\n                <\/svg>\n            <\/a>\n            <\/div>\n<\/section>\n\n\n<section id=\"\" class=\"title-subtitle-description-block\">\n            <span class=\"title-subtitle-description-block__subtitle\">ROTA M\u00e9rtola<\/span>\n        \n        <div class=\"title-subtitle-description-block__title\">\n            <h2>Explore the M\u00e9rtola ROUTE<\/h2>\n        <\/div>\n                <p class=\"title-subtitle-description-block__description\">Explore M\u00e9rtola and discover historical, geographical, and cultural information about each archaeological site.<\/p>\n    <\/section>\n\n\n\n<div class=\"render-map-container section\">\n\n\t<div\n\t\tid=\"root\"\n\t\tclass=\"render-map-root-container section\"\n\t\tdata-layout=\"section\"\n\t\tdata-title=\"ROUTE M\u00e9rtola, The Last Port\"\n\t\tdata-description=\"Lorem ipsum dolor sit amet, consectetur adipiscing elit. Lorem ipsum dolor sit amet, consectetur adipiscing elit.\"\n\t\tdata-domain=\"https:\/\/mertola.buzzvel.work\"\n\t\tdata-lang=\"en\"\n\t\tdata-label-view-map=\"Ver Mapa\"\n\t\tdata-label-view-list=\"Ver Lista\"\n\t\tdata-label-list-title=\"Lista\"\n\t\tdata-label-empty-title=\"N\u00e3o conseguimos achar nenhum Castro.\"\n\t\tdata-label-empty-description=\"Tente pesquisar novamente por nome ou CNS, ou at\u00e9 utilizando os filtros.\"\n\t\tdata-label-councils=\"Concelhos\"\n\t\tdata-label-view-castro=\"Explorar mais\"\n\t\tdata-label-initial-map=\"Mapa Inicial\"\n\t\tdata-label-no-route=\"Nenhuma rota dispon\u00edvel\"\n\t\tdata-label-map=\"Mapa\"\n\t\tdata-label-satellite=\"Sat\u00e9lite\"\n\t\tdata-label-search=\"Pesquisar\">\n\t<\/div>\n\n\t<script>\n\t\t(function(){\n\t\t\tvar root = document.getElementById('root');\n\t\t\tif(!root) return;\n\t\t\twindow.RenderMapLabels = {\n\t\t\t\tviewMap: root.dataset.labelViewMap || 'Ver Mapa',\n\t\t\t\tviewList: root.dataset.labelViewList || 'Ver Lista',\n\t\t\t\tlistTitle: root.dataset.labelListTitle || 'Lista',\n\t\t\t\temptyTitle: root.dataset.labelEmptyTitle || 'N\u00e3o conseguimos achar nenhum Castro.',\n\t\t\t\temptyDescription: root.dataset.labelEmptyDescription || 'Tente pesquisar novamente por nome ou CNS, ou at\u00e9 utilizando os filtros.',\n\t\t\t\tcouncils: root.dataset.labelCouncils || 'Concelhos',\n\t\t\t\tviewCastro: root.dataset.labelViewCastro || 'Explorar mais',\n\t\t\t\tinitialMap: root.dataset.labelInitialMap || 'Mapa Inicial',\n\t\t\t\tnoRoute: root.dataset.labelNoRoute || 'Nenhuma rota dispon\u00edvel',\n\t\t\t\tmap: root.dataset.labelMap || 'Mapa',\n\t\t\t\tsatellite: root.dataset.labelSatellite || 'Sat\u00e9lite',\n\t\t\t\tsearch: root.dataset.labelSearch || 'Pesquisar'\n\t\t\t};\n\t\t\t\n\t\t\twindow.RenderMapLang = root.dataset.lang || 'pt-pt';\n\t\t\t\n\t\t\tObject.defineProperty(document.documentElement, 'lang', {\n\t\t\t\tget: function() {\n\t\t\t\t\treturn root.dataset.lang || 'pt-pt';\n\t\t\t\t},\n\t\t\t\tconfigurable: true\n\t\t\t});\n\t\t})();\n\t<\/script>\n\n<\/div>","protected":false},"excerpt":{"rendered":"","protected":false},"author":1,"featured_media":0,"parent":0,"menu_order":0,"comment_status":"closed","ping_status":"closed","template":"","meta":{"_acf_changed":false,"footnotes":""},"class_list":["post-776","page","type-page","status-publish","hentry"],"acf":[],"_links":{"self":[{"href":"https:\/\/mertola.buzzvel.work\/en\/wp-json\/wp\/v2\/pages\/776","targetHints":{"allow":["GET"]}}],"collection":[{"href":"https:\/\/mertola.buzzvel.work\/en\/wp-json\/wp\/v2\/pages"}],"about":[{"href":"https:\/\/mertola.buzzvel.work\/en\/wp-json\/wp\/v2\/types\/page"}],"author":[{"embeddable":true,"href":"https:\/\/mertola.buzzvel.work\/en\/wp-json\/wp\/v2\/users\/1"}],"replies":[{"embeddable":true,"href":"https:\/\/mertola.buzzvel.work\/en\/wp-json\/wp\/v2\/comments?post=776"}],"version-history":[{"count":19,"href":"https:\/\/mertola.buzzvel.work\/en\/wp-json\/wp\/v2\/pages\/776\/revisions"}],"predecessor-version":[{"id":1655,"href":"https:\/\/mertola.buzzvel.work\/en\/wp-json\/wp\/v2\/pages\/776\/revisions\/1655"}],"wp:attachment":[{"href":"https:\/\/mertola.buzzvel.work\/en\/wp-json\/wp\/v2\/media?parent=776"}],"curies":[{"name":"wp","href":"https:\/\/api.w.org\/{rel}","templated":true}]}}